{"id":1003,"date":"2018-12-21T12:46:24","date_gmt":"2018-12-21T12:46:24","guid":{"rendered":"https:\/\/apartamentoscalanblanes.com\/entorno\/"},"modified":"2025-05-29T08:44:22","modified_gmt":"2025-05-29T08:44:22","slug":"entorn","status":"publish","type":"page","link":"https:\/\/apartamentoscalanblanes.com\/ca\/entorn\/","title":{"rendered":"Entorn"},"content":{"rendered":"\r\n<p>Menorca \u00e9s una illa que ofereix una \u00e0mplia varietat d&#8217;oportunitats en un aut\u00e8ntic parad\u00eds natural i cultural. No sols les platges s\u00f3n magn\u00edfiques i, moltes d&#8217;elles, en entorns naturals i sense construccions; els poblats talai\u00f2tics i les construccions de les diferents ocupacions franceses i brit\u00e0niques s\u00f3n un exemple de la molta hist\u00f2ria que alberga un espai tan petit com Menorca.<\/p>\r\n<div class=\"distancia\">\u00a0<\/div>\r\n","protected":false},"excerpt":{"rendered":"Menorca \u00e9s una illa que ofereix una \u00e0mplia varietat d&#8217;oportunitats en un aut\u00e8ntic parad\u00eds natural i cultural. No sols les platges s\u00f3n magn\u00edfiques i, moltes d&#8217;elles, en entorns naturals i sense construccions; els poblats talai\u00f2tics i les construccions de les diferents ocupacions franceses i brit\u00e0niques s\u00f3n un exemple de la molta hist\u00f2ria que alberga un&#8230; <a class=\"view-article\" href=\"https:\/\/apartamentoscalanblanes.com\/ca\/entorn\/\">View Article<\/a>","protected":false},"author":1,"featured_media":0,"parent":0,"menu_order":0,"comment_status":"closed","ping_status":"closed","template":"template-entorno.php","meta":[],"_links":{"self":[{"href":"https:\/\/apartamentoscalanblanes.com\/ca\/wp-json\/wp\/v2\/pages\/1003\/"}],"collection":[{"href":"https:\/\/apartamentoscalanblanes.com\/ca\/wp-json\/wp\/v2\/pages\/"}],"about":[{"href":"https:\/\/apartamentoscalanblanes.com\/ca\/wp-json\/wp\/v2\/types\/page\/"}],"author":[{"embeddable":true,"href":"https:\/\/apartamentoscalanblanes.com\/ca\/wp-json\/wp\/v2\/users\/1\/"}],"replies":[{"embeddable":true,"href":"https:\/\/apartamentoscalanblanes.com\/ca\/wp-json\/wp\/v2\/comments\/?post=1003"}],"version-history":[{"count":8,"href":"https:\/\/apartamentoscalanblanes.com\/ca\/wp-json\/wp\/v2\/pages\/1003\/revisions\/"}],"predecessor-version":[{"id":1398,"href":"https:\/\/apartamentoscalanblanes.com\/ca\/wp-json\/wp\/v2\/pages\/1003\/revisions\/1398\/"}],"wp:attachment":[{"href":"https:\/\/apartamentoscalanblanes.com\/ca\/wp-json\/wp\/v2\/media\/?parent=1003"}],"curies":[{"name":"wp","href":"https:\/\/api.w.org\/{rel}","templated":true}]}}