{"id":485,"date":"2020-04-14T11:02:20","date_gmt":"2020-04-14T11:02:20","guid":{"rendered":"https:\/\/apartamentoscalanblanes.com\/situacion\/"},"modified":"2021-02-01T08:48:56","modified_gmt":"2021-02-01T08:48:56","slug":"situacio","status":"publish","type":"page","link":"https:\/\/apartamentoscalanblanes.com\/ca\/situacio\/","title":{"rendered":"Ubicaci\u00f3"},"content":{"rendered":"<p>A nom\u00e9s 100 metres de la platja de Cala&#8217;n Blanes i en la zona m\u00e9s tranquil\u00b7la i agradable de la urbanitzaci\u00f3, es troben els apartaments Platja Cala&#8217;n Blanes. Conjunt de 9 bungalows (4 places) i 5 estudis (2 places) amb un agradable ambient familiar i l&#8217;encant d&#8217;un complex petit amb personalitat.<\/p>\n","protected":false},"excerpt":{"rendered":"A nom\u00e9s 100 metres de la platja de Cala&#8217;n Blanes i en la zona m\u00e9s tranquil\u00b7la i agradable de la urbanitzaci\u00f3, es troben els apartaments Platja Cala&#8217;n Blanes. Conjunt de 9 bungalows (4 places) i 5 estudis (2 places) amb un agradable ambient familiar i l&#8217;encant d&#8217;un complex petit amb personalitat.","protected":false},"author":1,"featured_media":0,"parent":0,"menu_order":0,"comment_status":"closed","ping_status":"closed","template":"template-situacion.php","meta":[],"_links":{"self":[{"href":"https:\/\/apartamentoscalanblanes.com\/ca\/wp-json\/wp\/v2\/pages\/485\/"}],"collection":[{"href":"https:\/\/apartamentoscalanblanes.com\/ca\/wp-json\/wp\/v2\/pages\/"}],"about":[{"href":"https:\/\/apartamentoscalanblanes.com\/ca\/wp-json\/wp\/v2\/types\/page\/"}],"author":[{"embeddable":true,"href":"https:\/\/apartamentoscalanblanes.com\/ca\/wp-json\/wp\/v2\/users\/1\/"}],"replies":[{"embeddable":true,"href":"https:\/\/apartamentoscalanblanes.com\/ca\/wp-json\/wp\/v2\/comments\/?post=485"}],"version-history":[{"count":7,"href":"https:\/\/apartamentoscalanblanes.com\/ca\/wp-json\/wp\/v2\/pages\/485\/revisions\/"}],"predecessor-version":[{"id":1080,"href":"https:\/\/apartamentoscalanblanes.com\/ca\/wp-json\/wp\/v2\/pages\/485\/revisions\/1080\/"}],"wp:attachment":[{"href":"https:\/\/apartamentoscalanblanes.com\/ca\/wp-json\/wp\/v2\/media\/?parent=485"}],"curies":[{"name":"wp","href":"https:\/\/api.w.org\/{rel}","templated":true}]}}