{"id":447,"date":"2018-12-21T16:34:47","date_gmt":"2018-12-21T16:34:47","guid":{"rendered":"https:\/\/apartamentoscalanblanes.com\/apartments\/bungalows\/"},"modified":"2025-05-29T07:56:29","modified_gmt":"2025-05-29T07:56:29","slug":"bungalows","status":"publish","type":"product","link":"https:\/\/apartamentoscalanblanes.com\/ca\/apartments\/bungalows\/","title":{"rendered":"Apartaments"},"content":{"rendered":"<p>Els apartaments formen un petit complex de nou apartaments de dues habitacions dobles constru\u00efts en planta baixa, ideals per a fam\u00edlies o grups d&#8217;amics. Situats en la zona residencial de Cala\u2019n Blanes, la qual es destaca per la seva calma i tranquil\u00b7litat. Els apartaments estan equipats per a oferir unes pl\u00e0cides i relaxades vacances en la zona del ponent menorqu\u00ed.<\/p>\n","protected":false},"excerpt":{"rendered":"Els 9 bungalows s\u00f3n apartaments ideals per a fam\u00edlies i grups d&#8217;amics, ja que s\u00f3n dues habitacions amb una \u00e0mplia terrassa","protected":false},"featured_media":448,"comment_status":"open","ping_status":"closed","template":"","meta":[],"_links":{"self":[{"href":"https:\/\/apartamentoscalanblanes.com\/ca\/wp-json\/wp\/v2\/product\/447\/"}],"collection":[{"href":"https:\/\/apartamentoscalanblanes.com\/ca\/wp-json\/wp\/v2\/product\/"}],"about":[{"href":"https:\/\/apartamentoscalanblanes.com\/ca\/wp-json\/wp\/v2\/types\/product\/"}],"replies":[{"embeddable":true,"href":"https:\/\/apartamentoscalanblanes.com\/ca\/wp-json\/wp\/v2\/comments\/?post=447"}],"wp:featuredmedia":[{"embeddable":true,"href":"https:\/\/apartamentoscalanblanes.com\/ca\/wp-json\/wp\/v2\/media\/448\/"}],"wp:attachment":[{"href":"https:\/\/apartamentoscalanblanes.com\/ca\/wp-json\/wp\/v2\/media\/?parent=447"}],"curies":[{"name":"wp","href":"https:\/\/api.w.org\/{rel}","templated":true}]}}