{"id":1094,"date":"2022-02-15T10:17:39","date_gmt":"2022-02-15T10:17:39","guid":{"rendered":"https:\/\/apartamentoscalanblanes.com\/?page_id=1094"},"modified":"2025-05-29T09:45:01","modified_gmt":"2025-05-29T09:45:01","slug":"inicio","status":"publish","type":"page","link":"https:\/\/apartamentoscalanblanes.com\/fr\/","title":{"rendered":"Inicio"},"content":{"rendered":"\r\n<p>\u00c0 seulement 100 m\u00e8tres de la plage de Cala&rsquo;n Blanes, dans le quartier le plus calme et le plus agr\u00e9able de la station baln\u00e9aire, se trouvent les Appartements Playa Cala&rsquo;n Blanes. Ce complexe de 9 appartements de deux chambres (4 couchages) offre une ambiance familiale et agr\u00e9able et le charme d&rsquo;un petit complexe anim\u00e9.<\/p>\r\n","protected":false},"excerpt":{"rendered":"\u00c0 seulement 100 m\u00e8tres de la plage de Cala&rsquo;n Blanes, dans le quartier le plus calme et le plus agr\u00e9able de la station baln\u00e9aire, se trouvent les Appartements Playa Cala&rsquo;n Blanes. Ce complexe de 9 appartements de deux chambres (4 couchages) offre une ambiance familiale et agr\u00e9able et le charme d&rsquo;un petit complexe anim\u00e9.","protected":false},"author":2,"featured_media":0,"parent":0,"menu_order":0,"comment_status":"closed","ping_status":"open","template":"template-inicio.php","meta":[],"_links":{"self":[{"href":"https:\/\/apartamentoscalanblanes.com\/fr\/wp-json\/wp\/v2\/pages\/1094\/"}],"collection":[{"href":"https:\/\/apartamentoscalanblanes.com\/fr\/wp-json\/wp\/v2\/pages\/"}],"about":[{"href":"https:\/\/apartamentoscalanblanes.com\/fr\/wp-json\/wp\/v2\/types\/page\/"}],"author":[{"embeddable":true,"href":"https:\/\/apartamentoscalanblanes.com\/fr\/wp-json\/wp\/v2\/users\/2\/"}],"replies":[{"embeddable":true,"href":"https:\/\/apartamentoscalanblanes.com\/fr\/wp-json\/wp\/v2\/comments\/?post=1094"}],"version-history":[{"count":2,"href":"https:\/\/apartamentoscalanblanes.com\/fr\/wp-json\/wp\/v2\/pages\/1094\/revisions\/"}],"predecessor-version":[{"id":1406,"href":"https:\/\/apartamentoscalanblanes.com\/fr\/wp-json\/wp\/v2\/pages\/1094\/revisions\/1406\/"}],"wp:attachment":[{"href":"https:\/\/apartamentoscalanblanes.com\/fr\/wp-json\/wp\/v2\/media\/?parent=1094"}],"curies":[{"name":"wp","href":"https:\/\/api.w.org\/{rel}","templated":true}]}}