{"id":1102,"date":"2022-02-15T10:26:54","date_gmt":"2022-02-15T10:26:54","guid":{"rendered":"https:\/\/apartamentoscalanblanes.com\/?page_id=1102"},"modified":"2025-05-29T09:41:30","modified_gmt":"2025-05-29T09:41:30","slug":"entorno","status":"publish","type":"page","link":"https:\/\/apartamentoscalanblanes.com\/fr\/entorno\/","title":{"rendered":"Autour"},"content":{"rendered":"\r\n<p>Minorque est une \u00eele offrant une grande vari\u00e9t\u00e9 de possibilit\u00e9s dans un v\u00e9ritable paradis naturel et culturel. Non seulement ses plages sont magnifiques, souvent situ\u00e9es dans un cadre naturel pr\u00e9serv\u00e9, mais les villages et b\u00e2timents talayotiques datant des diff\u00e9rentes occupations fran\u00e7aises et britanniques t\u00e9moignent de la richesse historique d&rsquo;un espace aussi restreint que Minorque.<\/p>\r\n","protected":false},"excerpt":{"rendered":"Minorque est une \u00eele offrant une grande vari\u00e9t\u00e9 de possibilit\u00e9s dans un v\u00e9ritable paradis naturel et culturel. Non seulement ses plages sont magnifiques, souvent situ\u00e9es dans un cadre naturel pr\u00e9serv\u00e9, mais les villages et b\u00e2timents talayotiques datant des diff\u00e9rentes occupations fran\u00e7aises et britanniques t\u00e9moignent de la richesse historique d&rsquo;un espace aussi restreint que Minorque.","protected":false},"author":2,"featured_media":0,"parent":0,"menu_order":0,"comment_status":"closed","ping_status":"closed","template":"template-entorno.php","meta":[],"_links":{"self":[{"href":"https:\/\/apartamentoscalanblanes.com\/fr\/wp-json\/wp\/v2\/pages\/1102\/"}],"collection":[{"href":"https:\/\/apartamentoscalanblanes.com\/fr\/wp-json\/wp\/v2\/pages\/"}],"about":[{"href":"https:\/\/apartamentoscalanblanes.com\/fr\/wp-json\/wp\/v2\/types\/page\/"}],"author":[{"embeddable":true,"href":"https:\/\/apartamentoscalanblanes.com\/fr\/wp-json\/wp\/v2\/users\/2\/"}],"replies":[{"embeddable":true,"href":"https:\/\/apartamentoscalanblanes.com\/fr\/wp-json\/wp\/v2\/comments\/?post=1102"}],"version-history":[{"count":4,"href":"https:\/\/apartamentoscalanblanes.com\/fr\/wp-json\/wp\/v2\/pages\/1102\/revisions\/"}],"predecessor-version":[{"id":1405,"href":"https:\/\/apartamentoscalanblanes.com\/fr\/wp-json\/wp\/v2\/pages\/1102\/revisions\/1405\/"}],"wp:attachment":[{"href":"https:\/\/apartamentoscalanblanes.com\/fr\/wp-json\/wp\/v2\/media\/?parent=1102"}],"curies":[{"name":"wp","href":"https:\/\/api.w.org\/{rel}","templated":true}]}}