{"id":1046,"date":"2018-12-21T16:34:47","date_gmt":"2018-12-21T16:34:47","guid":{"rendered":"https:\/\/apartamentoscalanblanes.com\/apartments\/bungalows\/"},"modified":"2025-05-29T09:25:44","modified_gmt":"2025-05-29T09:25:44","slug":"bungalows","status":"publish","type":"product","link":"https:\/\/apartamentoscalanblanes.com\/fr\/apartments\/bungalows\/","title":{"rendered":"Appartements"},"content":{"rendered":"<p>Les appartements de deux chambres forment un petit complexe de neuf appartements au rez-de-chauss\u00e9e avec deux chambres doubles, id\u00e9al pour les couples ou les familles. Situ\u00e9s dans le quartier r\u00e9sidentiel de Cala&rsquo;n Blanes, r\u00e9put\u00e9 pour son calme et sa tranquillit\u00e9, ces appartements sont \u00e9quip\u00e9s pour vous offrir des vacances paisibles et relaxantes dans l&rsquo;ouest de Minorque.<\/p>\n","protected":false},"excerpt":{"rendered":"Les 9 appartements sont id\u00e9aux pour les couples et les familles.","protected":false},"featured_media":0,"comment_status":"open","ping_status":"closed","template":"","meta":[],"_links":{"self":[{"href":"https:\/\/apartamentoscalanblanes.com\/fr\/wp-json\/wp\/v2\/product\/1046\/"}],"collection":[{"href":"https:\/\/apartamentoscalanblanes.com\/fr\/wp-json\/wp\/v2\/product\/"}],"about":[{"href":"https:\/\/apartamentoscalanblanes.com\/fr\/wp-json\/wp\/v2\/types\/product\/"}],"replies":[{"embeddable":true,"href":"https:\/\/apartamentoscalanblanes.com\/fr\/wp-json\/wp\/v2\/comments\/?post=1046"}],"wp:attachment":[{"href":"https:\/\/apartamentoscalanblanes.com\/fr\/wp-json\/wp\/v2\/media\/?parent=1046"}],"curies":[{"name":"wp","href":"https:\/\/api.w.org\/{rel}","templated":true}]}}